{"id":60,"date":"2026-04-13T11:29:05","date_gmt":"2026-04-13T09:29:05","guid":{"rendered":"https:\/\/novel.my-secu.link\/?page_id=60"},"modified":"2026-04-13T11:49:55","modified_gmt":"2026-04-13T09:49:55","slug":"mentions-legales","status":"publish","type":"page","link":"https:\/\/novel.my-secu.link\/index.php\/mentions-legales\/","title":{"rendered":"Mentions l\u00e9gales"},"content":{"rendered":"\n<h2 class=\"wp-block-heading\">\u00c9diteur du site<\/h2>\n\n\n\n<p>Novel<br>Suela KRASNIQI<br>Soci\u00e9t\u00e9 NOVEL<br>3 Rue des Clefs, 68000 Colmar<br><a href=\"mailto:contact@novel.com\">contact@novel.com<\/a><\/p>\n\n\n\n<h2 class=\"wp-block-heading\">H\u00e9bergement<\/h2>\n\n\n\n<p>WordPress<br>15 Rue des Halles, 75001 Paris<\/p>\n\n\n\n<h2 class=\"wp-block-heading\">Propri\u00e9t\u00e9 intellectuelle<\/h2>\n\n\n\n<p>L\u2019ensemble du contenu du site (textes, images, logo, design) est la propri\u00e9t\u00e9 exclusive de Novel<\/p>\n\n\n\n<p>Toute reproduction, distribution ou utilisation sans autorisation est interdite.<\/p>\n\n\n\n<h2 class=\"wp-block-heading\">Donn\u00e9es personnelles<\/h2>\n\n\n\n<p>Les informations collect\u00e9es via le site (formulaire de contact, etc.) sont utilis\u00e9es uniquement dans le cadre de la relation avec les utilisateurs.<\/p>\n\n\n\n<p>Conform\u00e9ment au RGPD, vous pouvez demander l\u2019acc\u00e8s, la modification ou la suppression de vos donn\u00e9es en nous contactant \u00e0 :&nbsp;<a href=\"mailto:contact@novel.com\">contact@novel.com<\/a><\/p>\n\n\n\n<h2 class=\"wp-block-heading\">Cookies<\/h2>\n\n\n\n<p>Le site peut utiliser des cookies afin d\u2019am\u00e9liorer l\u2019exp\u00e9rience utilisateur.<\/p>\n\n\n\n<p>Vous pouvez configurer votre navigateur pour refuser les cookies.<\/p>\n\n\n\n<p><\/p>\n","protected":false},"excerpt":{"rendered":"<p>\u00c9diteur du site NovelSuela KRASNIQISoci\u00e9t\u00e9 NOVEL3 Rue des Clefs, 68000 Colmarcontact@novel.com H\u00e9bergement WordPress15 Rue des Halles, 75001 Paris Propri\u00e9t\u00e9 intellectuelle L\u2019ensemble du contenu du site (textes, images, logo, design) est la propri\u00e9t\u00e9 exclusive de Novel Toute reproduction, distribution ou utilisation sans autorisation est interdite. Donn\u00e9es personnelles Les informations collect\u00e9es via le site (formulaire de contact, &hellip; <\/p>\n<p class=\"link-more\"><a href=\"https:\/\/novel.my-secu.link\/index.php\/mentions-legales\/\" class=\"more-link\">Lire la suite de<span class=\"screen-reader-text\">\u00ab\u00a0Mentions l\u00e9gales\u00a0\u00bb<\/span><\/a><\/p>\n","protected":false},"author":1,"featured_media":0,"parent":0,"menu_order":0,"comment_status":"closed","ping_status":"closed","template":"","meta":{"inspiro_hide_title":false,"footnotes":""},"class_list":["post-60","page","type-page","status-publish","hentry"],"yoast_head":"<!-- This site is optimized with the Yoast SEO plugin v27.3 - https:\/\/yoast.com\/product\/yoast-seo-wordpress\/ -->\n<title>Mentions l\u00e9gales -<\/title>\n<meta name=\"description\" content=\"Consultez les mentions l\u00e9gales de Novel pour conna\u00eetre les informations juridiques du site, l\u2019\u00e9diteur et la gestion des donn\u00e9es personnelles.\" \/>\n<meta name=\"robots\" content=\"index, follow, max-snippet:-1, max-image-preview:large, max-video-preview:-1\" \/>\n<link rel=\"canonical\" href=\"https:\/\/novel.my-secu.link\/index.php\/mentions-legales\/\" \/>\n<meta property=\"og:locale\" content=\"fr_FR\" \/>\n<meta property=\"og:type\" content=\"article\" \/>\n<meta property=\"og:title\" content=\"Mentions l\u00e9gales -\" \/>\n<meta property=\"og:description\" content=\"Consultez les mentions l\u00e9gales de Novel pour conna\u00eetre les informations juridiques du site, l\u2019\u00e9diteur et la gestion des donn\u00e9es personnelles.\" \/>\n<meta property=\"og:url\" content=\"https:\/\/novel.my-secu.link\/index.php\/mentions-legales\/\" \/>\n<meta property=\"article:modified_time\" content=\"2026-04-13T09:49:55+00:00\" \/>\n<meta name=\"twitter:card\" content=\"summary_large_image\" \/>\n<meta name=\"twitter:label1\" content=\"Dur\u00e9e de lecture estim\u00e9e\" \/>\n\t<meta name=\"twitter:data1\" content=\"1 minute\" \/>\n<script type=\"application\/ld+json\" class=\"yoast-schema-graph\">{\"@context\":\"https:\\\/\\\/schema.org\",\"@graph\":[{\"@type\":\"WebPage\",\"@id\":\"https:\\\/\\\/novel.my-secu.link\\\/index.php\\\/mentions-legales\\\/\",\"url\":\"https:\\\/\\\/novel.my-secu.link\\\/index.php\\\/mentions-legales\\\/\",\"name\":\"Mentions l\u00e9gales -\",\"isPartOf\":{\"@id\":\"https:\\\/\\\/novel.my-secu.link\\\/#website\"},\"datePublished\":\"2026-04-13T09:29:05+00:00\",\"dateModified\":\"2026-04-13T09:49:55+00:00\",\"description\":\"Consultez les mentions l\u00e9gales de Novel pour conna\u00eetre les informations juridiques du site, l\u2019\u00e9diteur et la gestion des donn\u00e9es personnelles.\",\"breadcrumb\":{\"@id\":\"https:\\\/\\\/novel.my-secu.link\\\/index.php\\\/mentions-legales\\\/#breadcrumb\"},\"inLanguage\":\"fr-FR\",\"potentialAction\":[{\"@type\":\"ReadAction\",\"target\":[\"https:\\\/\\\/novel.my-secu.link\\\/index.php\\\/mentions-legales\\\/\"]}]},{\"@type\":\"BreadcrumbList\",\"@id\":\"https:\\\/\\\/novel.my-secu.link\\\/index.php\\\/mentions-legales\\\/#breadcrumb\",\"itemListElement\":[{\"@type\":\"ListItem\",\"position\":1,\"name\":\"Accueil\",\"item\":\"https:\\\/\\\/novel.my-secu.link\\\/\"},{\"@type\":\"ListItem\",\"position\":2,\"name\":\"Mentions l\u00e9gales\"}]},{\"@type\":\"WebSite\",\"@id\":\"https:\\\/\\\/novel.my-secu.link\\\/#website\",\"url\":\"https:\\\/\\\/novel.my-secu.link\\\/\",\"name\":\"\",\"description\":\"\",\"potentialAction\":[{\"@type\":\"SearchAction\",\"target\":{\"@type\":\"EntryPoint\",\"urlTemplate\":\"https:\\\/\\\/novel.my-secu.link\\\/?s={search_term_string}\"},\"query-input\":{\"@type\":\"PropertyValueSpecification\",\"valueRequired\":true,\"valueName\":\"search_term_string\"}}],\"inLanguage\":\"fr-FR\"}]}<\/script>\n<!-- \/ Yoast SEO plugin. -->","yoast_head_json":{"title":"Mentions l\u00e9gales -","description":"Consultez les mentions l\u00e9gales de Novel pour conna\u00eetre les informations juridiques du site, l\u2019\u00e9diteur et la gestion des donn\u00e9es personnelles.","robots":{"index":"index","follow":"follow","max-snippet":"max-snippet:-1","max-image-preview":"max-image-preview:large","max-video-preview":"max-video-preview:-1"},"canonical":"https:\/\/novel.my-secu.link\/index.php\/mentions-legales\/","og_locale":"fr_FR","og_type":"article","og_title":"Mentions l\u00e9gales -","og_description":"Consultez les mentions l\u00e9gales de Novel pour conna\u00eetre les informations juridiques du site, l\u2019\u00e9diteur et la gestion des donn\u00e9es personnelles.","og_url":"https:\/\/novel.my-secu.link\/index.php\/mentions-legales\/","article_modified_time":"2026-04-13T09:49:55+00:00","twitter_card":"summary_large_image","twitter_misc":{"Dur\u00e9e de lecture estim\u00e9e":"1 minute"},"schema":{"@context":"https:\/\/schema.org","@graph":[{"@type":"WebPage","@id":"https:\/\/novel.my-secu.link\/index.php\/mentions-legales\/","url":"https:\/\/novel.my-secu.link\/index.php\/mentions-legales\/","name":"Mentions l\u00e9gales -","isPartOf":{"@id":"https:\/\/novel.my-secu.link\/#website"},"datePublished":"2026-04-13T09:29:05+00:00","dateModified":"2026-04-13T09:49:55+00:00","description":"Consultez les mentions l\u00e9gales de Novel pour conna\u00eetre les informations juridiques du site, l\u2019\u00e9diteur et la gestion des donn\u00e9es personnelles.","breadcrumb":{"@id":"https:\/\/novel.my-secu.link\/index.php\/mentions-legales\/#breadcrumb"},"inLanguage":"fr-FR","potentialAction":[{"@type":"ReadAction","target":["https:\/\/novel.my-secu.link\/index.php\/mentions-legales\/"]}]},{"@type":"BreadcrumbList","@id":"https:\/\/novel.my-secu.link\/index.php\/mentions-legales\/#breadcrumb","itemListElement":[{"@type":"ListItem","position":1,"name":"Accueil","item":"https:\/\/novel.my-secu.link\/"},{"@type":"ListItem","position":2,"name":"Mentions l\u00e9gales"}]},{"@type":"WebSite","@id":"https:\/\/novel.my-secu.link\/#website","url":"https:\/\/novel.my-secu.link\/","name":"","description":"","potentialAction":[{"@type":"SearchAction","target":{"@type":"EntryPoint","urlTemplate":"https:\/\/novel.my-secu.link\/?s={search_term_string}"},"query-input":{"@type":"PropertyValueSpecification","valueRequired":true,"valueName":"search_term_string"}}],"inLanguage":"fr-FR"}]}},"_links":{"self":[{"href":"https:\/\/novel.my-secu.link\/index.php\/wp-json\/wp\/v2\/pages\/60","targetHints":{"allow":["GET"]}}],"collection":[{"href":"https:\/\/novel.my-secu.link\/index.php\/wp-json\/wp\/v2\/pages"}],"about":[{"href":"https:\/\/novel.my-secu.link\/index.php\/wp-json\/wp\/v2\/types\/page"}],"author":[{"embeddable":true,"href":"https:\/\/novel.my-secu.link\/index.php\/wp-json\/wp\/v2\/users\/1"}],"replies":[{"embeddable":true,"href":"https:\/\/novel.my-secu.link\/index.php\/wp-json\/wp\/v2\/comments?post=60"}],"version-history":[{"count":2,"href":"https:\/\/novel.my-secu.link\/index.php\/wp-json\/wp\/v2\/pages\/60\/revisions"}],"predecessor-version":[{"id":100,"href":"https:\/\/novel.my-secu.link\/index.php\/wp-json\/wp\/v2\/pages\/60\/revisions\/100"}],"wp:attachment":[{"href":"https:\/\/novel.my-secu.link\/index.php\/wp-json\/wp\/v2\/media?parent=60"}],"curies":[{"name":"wp","href":"https:\/\/api.w.org\/{rel}","templated":true}]}}