{"id":18,"date":"2026-04-13T10:41:19","date_gmt":"2026-04-13T08:41:19","guid":{"rendered":"https:\/\/novel.my-secu.link\/?page_id=18"},"modified":"2026-04-13T11:51:16","modified_gmt":"2026-04-13T09:51:16","slug":"services","status":"publish","type":"page","link":"https:\/\/novel.my-secu.link\/index.php\/services\/","title":{"rendered":"Services"},"content":{"rendered":"\n<figure class=\"wp-block-image size-full is-resized\"><img loading=\"lazy\" decoding=\"async\" width=\"736\" height=\"981\" src=\"https:\/\/novel.my-secu.link\/wp-content\/uploads\/2026\/04\/364bf61747a5d03e5b469e44b47df355.jpg\" alt=\"\" class=\"wp-image-91\" style=\"aspect-ratio:0.7502589920212283;width:313px;height:auto\" srcset=\"https:\/\/novel.my-secu.link\/wp-content\/uploads\/2026\/04\/364bf61747a5d03e5b469e44b47df355.jpg 736w, https:\/\/novel.my-secu.link\/wp-content\/uploads\/2026\/04\/364bf61747a5d03e5b469e44b47df355-225x300.jpg 225w\" sizes=\"auto, (max-width: 736px) 100vw, 736px\" \/><\/figure>\n\n\n\n<p>Chez Novel, nous proposons une large gamme de v\u00eatements pour homme et femme adapt\u00e9s \u00e0 tous les styles.<\/p>\n\n\n\n<p>Nos collections incluent :<\/p>\n\n\n\n<ul class=\"wp-block-list\">\n<li>T-shirts modernes<\/li>\n\n\n\n<li>Sweats confortables<\/li>\n\n\n\n<li>Vestes tendance<\/li>\n\n\n\n<li>Tenues casual et \u00e9l\u00e9gantes<\/li>\n<\/ul>\n\n\n\n<p>Chaque produit est con\u00e7u avec attention pour garantir un confort optimal et une durabilit\u00e9 maximale.<\/p>\n\n\n\n<p>Notre objectif est de vous offrir des v\u00eatements qui vous accompagnent au quotidien tout en restant styl\u00e9s.<\/p>\n\n\n\n<p>Voir les collections<br>D\u00e9couvrir les nouveaut\u00e9s<\/p>\n","protected":false},"excerpt":{"rendered":"<p>Chez Novel, nous proposons une large gamme de v\u00eatements pour homme et femme adapt\u00e9s \u00e0 tous les styles. Nos collections incluent : Chaque produit est con\u00e7u avec attention pour garantir un confort optimal et une durabilit\u00e9 maximale. Notre objectif est de vous offrir des v\u00eatements qui vous accompagnent au quotidien tout en restant styl\u00e9s. Voir &hellip; <\/p>\n<p class=\"link-more\"><a href=\"https:\/\/novel.my-secu.link\/index.php\/services\/\" class=\"more-link\">Lire la suite de<span class=\"screen-reader-text\">\u00ab\u00a0Services\u00a0\u00bb<\/span><\/a><\/p>\n","protected":false},"author":1,"featured_media":0,"parent":0,"menu_order":0,"comment_status":"closed","ping_status":"closed","template":"","meta":{"inspiro_hide_title":false,"footnotes":""},"class_list":["post-18","page","type-page","status-publish","hentry"],"yoast_head":"<!-- This site is optimized with the Yoast SEO plugin v27.3 - https:\/\/yoast.com\/product\/yoast-seo-wordpress\/ -->\n<title>Services -<\/title>\n<meta name=\"robots\" content=\"index, follow, max-snippet:-1, max-image-preview:large, max-video-preview:-1\" \/>\n<link rel=\"canonical\" href=\"https:\/\/novel.my-secu.link\/index.php\/services\/\" \/>\n<meta property=\"og:locale\" content=\"fr_FR\" \/>\n<meta property=\"og:type\" content=\"article\" \/>\n<meta property=\"og:title\" content=\"Services -\" \/>\n<meta property=\"og:description\" content=\"Chez Novel, nous proposons une large gamme de v\u00eatements pour homme et femme adapt\u00e9s \u00e0 tous les styles. Nos collections incluent : Chaque produit est con\u00e7u avec attention pour garantir un confort optimal et une durabilit\u00e9 maximale. Notre objectif est de vous offrir des v\u00eatements qui vous accompagnent au quotidien tout en restant styl\u00e9s. Voir &hellip; Lire la suite de\u00ab\u00a0Services\u00a0\u00bb\" \/>\n<meta property=\"og:url\" content=\"https:\/\/novel.my-secu.link\/index.php\/services\/\" \/>\n<meta property=\"article:modified_time\" content=\"2026-04-13T09:51:16+00:00\" \/>\n<meta property=\"og:image\" content=\"https:\/\/novel.my-secu.link\/wp-content\/uploads\/2026\/04\/364bf61747a5d03e5b469e44b47df355.jpg\" \/>\n\t<meta property=\"og:image:width\" content=\"736\" \/>\n\t<meta property=\"og:image:height\" content=\"981\" \/>\n\t<meta property=\"og:image:type\" content=\"image\/jpeg\" \/>\n<meta name=\"twitter:card\" content=\"summary_large_image\" \/>\n<meta name=\"twitter:label1\" content=\"Dur\u00e9e de lecture estim\u00e9e\" \/>\n\t<meta name=\"twitter:data1\" content=\"1 minute\" \/>\n<script type=\"application\/ld+json\" class=\"yoast-schema-graph\">{\"@context\":\"https:\\\/\\\/schema.org\",\"@graph\":[{\"@type\":\"WebPage\",\"@id\":\"https:\\\/\\\/novel.my-secu.link\\\/index.php\\\/services\\\/\",\"url\":\"https:\\\/\\\/novel.my-secu.link\\\/index.php\\\/services\\\/\",\"name\":\"Services -\",\"isPartOf\":{\"@id\":\"https:\\\/\\\/novel.my-secu.link\\\/#website\"},\"primaryImageOfPage\":{\"@id\":\"https:\\\/\\\/novel.my-secu.link\\\/index.php\\\/services\\\/#primaryimage\"},\"image\":{\"@id\":\"https:\\\/\\\/novel.my-secu.link\\\/index.php\\\/services\\\/#primaryimage\"},\"thumbnailUrl\":\"https:\\\/\\\/novel.my-secu.link\\\/wp-content\\\/uploads\\\/2026\\\/04\\\/364bf61747a5d03e5b469e44b47df355.jpg\",\"datePublished\":\"2026-04-13T08:41:19+00:00\",\"dateModified\":\"2026-04-13T09:51:16+00:00\",\"breadcrumb\":{\"@id\":\"https:\\\/\\\/novel.my-secu.link\\\/index.php\\\/services\\\/#breadcrumb\"},\"inLanguage\":\"fr-FR\",\"potentialAction\":[{\"@type\":\"ReadAction\",\"target\":[\"https:\\\/\\\/novel.my-secu.link\\\/index.php\\\/services\\\/\"]}]},{\"@type\":\"ImageObject\",\"inLanguage\":\"fr-FR\",\"@id\":\"https:\\\/\\\/novel.my-secu.link\\\/index.php\\\/services\\\/#primaryimage\",\"url\":\"https:\\\/\\\/novel.my-secu.link\\\/wp-content\\\/uploads\\\/2026\\\/04\\\/364bf61747a5d03e5b469e44b47df355.jpg\",\"contentUrl\":\"https:\\\/\\\/novel.my-secu.link\\\/wp-content\\\/uploads\\\/2026\\\/04\\\/364bf61747a5d03e5b469e44b47df355.jpg\",\"width\":736,\"height\":981},{\"@type\":\"BreadcrumbList\",\"@id\":\"https:\\\/\\\/novel.my-secu.link\\\/index.php\\\/services\\\/#breadcrumb\",\"itemListElement\":[{\"@type\":\"ListItem\",\"position\":1,\"name\":\"Accueil\",\"item\":\"https:\\\/\\\/novel.my-secu.link\\\/\"},{\"@type\":\"ListItem\",\"position\":2,\"name\":\"Services\"}]},{\"@type\":\"WebSite\",\"@id\":\"https:\\\/\\\/novel.my-secu.link\\\/#website\",\"url\":\"https:\\\/\\\/novel.my-secu.link\\\/\",\"name\":\"\",\"description\":\"\",\"potentialAction\":[{\"@type\":\"SearchAction\",\"target\":{\"@type\":\"EntryPoint\",\"urlTemplate\":\"https:\\\/\\\/novel.my-secu.link\\\/?s={search_term_string}\"},\"query-input\":{\"@type\":\"PropertyValueSpecification\",\"valueRequired\":true,\"valueName\":\"search_term_string\"}}],\"inLanguage\":\"fr-FR\"}]}<\/script>\n<!-- \/ Yoast SEO plugin. -->","yoast_head_json":{"title":"Services -","robots":{"index":"index","follow":"follow","max-snippet":"max-snippet:-1","max-image-preview":"max-image-preview:large","max-video-preview":"max-video-preview:-1"},"canonical":"https:\/\/novel.my-secu.link\/index.php\/services\/","og_locale":"fr_FR","og_type":"article","og_title":"Services -","og_description":"Chez Novel, nous proposons une large gamme de v\u00eatements pour homme et femme adapt\u00e9s \u00e0 tous les styles. Nos collections incluent : Chaque produit est con\u00e7u avec attention pour garantir un confort optimal et une durabilit\u00e9 maximale. Notre objectif est de vous offrir des v\u00eatements qui vous accompagnent au quotidien tout en restant styl\u00e9s. Voir &hellip; Lire la suite de\u00ab\u00a0Services\u00a0\u00bb","og_url":"https:\/\/novel.my-secu.link\/index.php\/services\/","article_modified_time":"2026-04-13T09:51:16+00:00","og_image":[{"width":736,"height":981,"url":"https:\/\/novel.my-secu.link\/wp-content\/uploads\/2026\/04\/364bf61747a5d03e5b469e44b47df355.jpg","type":"image\/jpeg"}],"twitter_card":"summary_large_image","twitter_misc":{"Dur\u00e9e de lecture estim\u00e9e":"1 minute"},"schema":{"@context":"https:\/\/schema.org","@graph":[{"@type":"WebPage","@id":"https:\/\/novel.my-secu.link\/index.php\/services\/","url":"https:\/\/novel.my-secu.link\/index.php\/services\/","name":"Services -","isPartOf":{"@id":"https:\/\/novel.my-secu.link\/#website"},"primaryImageOfPage":{"@id":"https:\/\/novel.my-secu.link\/index.php\/services\/#primaryimage"},"image":{"@id":"https:\/\/novel.my-secu.link\/index.php\/services\/#primaryimage"},"thumbnailUrl":"https:\/\/novel.my-secu.link\/wp-content\/uploads\/2026\/04\/364bf61747a5d03e5b469e44b47df355.jpg","datePublished":"2026-04-13T08:41:19+00:00","dateModified":"2026-04-13T09:51:16+00:00","breadcrumb":{"@id":"https:\/\/novel.my-secu.link\/index.php\/services\/#breadcrumb"},"inLanguage":"fr-FR","potentialAction":[{"@type":"ReadAction","target":["https:\/\/novel.my-secu.link\/index.php\/services\/"]}]},{"@type":"ImageObject","inLanguage":"fr-FR","@id":"https:\/\/novel.my-secu.link\/index.php\/services\/#primaryimage","url":"https:\/\/novel.my-secu.link\/wp-content\/uploads\/2026\/04\/364bf61747a5d03e5b469e44b47df355.jpg","contentUrl":"https:\/\/novel.my-secu.link\/wp-content\/uploads\/2026\/04\/364bf61747a5d03e5b469e44b47df355.jpg","width":736,"height":981},{"@type":"BreadcrumbList","@id":"https:\/\/novel.my-secu.link\/index.php\/services\/#breadcrumb","itemListElement":[{"@type":"ListItem","position":1,"name":"Accueil","item":"https:\/\/novel.my-secu.link\/"},{"@type":"ListItem","position":2,"name":"Services"}]},{"@type":"WebSite","@id":"https:\/\/novel.my-secu.link\/#website","url":"https:\/\/novel.my-secu.link\/","name":"","description":"","potentialAction":[{"@type":"SearchAction","target":{"@type":"EntryPoint","urlTemplate":"https:\/\/novel.my-secu.link\/?s={search_term_string}"},"query-input":{"@type":"PropertyValueSpecification","valueRequired":true,"valueName":"search_term_string"}}],"inLanguage":"fr-FR"}]}},"_links":{"self":[{"href":"https:\/\/novel.my-secu.link\/index.php\/wp-json\/wp\/v2\/pages\/18","targetHints":{"allow":["GET"]}}],"collection":[{"href":"https:\/\/novel.my-secu.link\/index.php\/wp-json\/wp\/v2\/pages"}],"about":[{"href":"https:\/\/novel.my-secu.link\/index.php\/wp-json\/wp\/v2\/types\/page"}],"author":[{"embeddable":true,"href":"https:\/\/novel.my-secu.link\/index.php\/wp-json\/wp\/v2\/users\/1"}],"replies":[{"embeddable":true,"href":"https:\/\/novel.my-secu.link\/index.php\/wp-json\/wp\/v2\/comments?post=18"}],"version-history":[{"count":3,"href":"https:\/\/novel.my-secu.link\/index.php\/wp-json\/wp\/v2\/pages\/18\/revisions"}],"predecessor-version":[{"id":92,"href":"https:\/\/novel.my-secu.link\/index.php\/wp-json\/wp\/v2\/pages\/18\/revisions\/92"}],"wp:attachment":[{"href":"https:\/\/novel.my-secu.link\/index.php\/wp-json\/wp\/v2\/media?parent=18"}],"curies":[{"name":"wp","href":"https:\/\/api.w.org\/{rel}","templated":true}]}}