{"id":16,"date":"2026-04-13T10:41:05","date_gmt":"2026-04-13T08:41:05","guid":{"rendered":"https:\/\/novel.my-secu.link\/?page_id=16"},"modified":"2026-04-13T11:44:32","modified_gmt":"2026-04-13T09:44:32","slug":"a-propos","status":"publish","type":"page","link":"https:\/\/novel.my-secu.link\/index.php\/a-propos\/","title":{"rendered":"\u00c0 propos"},"content":{"rendered":"\n<figure class=\"wp-block-image size-large is-resized\"><img loading=\"lazy\" decoding=\"async\" width=\"683\" height=\"1024\" src=\"https:\/\/novel.my-secu.link\/wp-content\/uploads\/2026\/04\/746f69882248316e08f39a381a3614ec-1-683x1024.jpg\" alt=\"trouver votre tenue chez Novel\" class=\"wp-image-86\" style=\"aspect-ratio:0.6670005978445281;width:344px;height:auto\" srcset=\"https:\/\/novel.my-secu.link\/wp-content\/uploads\/2026\/04\/746f69882248316e08f39a381a3614ec-1-683x1024.jpg 683w, https:\/\/novel.my-secu.link\/wp-content\/uploads\/2026\/04\/746f69882248316e08f39a381a3614ec-1-200x300.jpg 200w, https:\/\/novel.my-secu.link\/wp-content\/uploads\/2026\/04\/746f69882248316e08f39a381a3614ec-1-768x1151.jpg 768w, https:\/\/novel.my-secu.link\/wp-content\/uploads\/2026\/04\/746f69882248316e08f39a381a3614ec-1.jpg 922w\" sizes=\"auto, (max-width: 683px) 100vw, 683px\" \/><\/figure>\n\n\n\n<p><a href=\"https:\/\/novel.my-secu.link\/\" type=\"link\" id=\"https:\/\/novel.my-secu.link\/\">Novel<\/a> est une marque de v\u00eatements pour homme et femme n\u00e9e d\u2019une passion pour la mode et le style.<\/p>\n\n\n\n<p>Notre objectif est de proposer des v\u00eatements qui allient qualit\u00e9, confort et design moderne. Chaque pi\u00e8ce est pens\u00e9e pour s\u2019int\u00e9grer facilement dans votre <a href=\"https:\/\/www.google.com\/search?q=vetement+2026&amp;newwindow=1&amp;sca_esv=81978db0d0913d93&amp;udm=2&amp;biw=1366&amp;bih=641&amp;sxsrf=ANbL-n6y1bATw73RnzLdiyis4ciS8riF4Q%3A1776072478193&amp;ei=Hrfcac-9C8ekkdUPrf6psAM&amp;ved=0ahUKEwjPxKHJweqTAxVHUqQEHS1_CjYQ4dUDCBI&amp;uact=5&amp;oq=vetement+2026&amp;gs_lp=Egtnd3Mtd2l6LWltZyINdmV0ZW1lbnQgMjAyNjIFEAAYgAQyBBAAGB4yBhAAGAUYHjIGEAAYBRgeMgYQABgFGB4yBhAAGAUYHjIGEAAYBRgeMgYQABgFGB4yBhAAGAUYHjIGEAAYBRgeSOgfUIQFWMEccAF4AJABAJgBrQGgAfYLqgEEMTEuNbgBA8gBAPgBAZgCDaACygjCAgYQABgIGB7CAgcQIxjJAhgnwgIIEAAYgAQYsQPCAgQQABgDwgIOEAAYgAQYigUYsQMYgwGYAwCIBgGSBwQxMi4xoAeGXLIHBDExLjG4B7gIwgcGMi0xMS4yyAdkgAgB&amp;sclient=gws-wiz-img\" type=\"link\" id=\"https:\/\/www.google.com\/search?q=vetement+2026&amp;newwindow=1&amp;sca_esv=81978db0d0913d93&amp;udm=2&amp;biw=1366&amp;bih=641&amp;sxsrf=ANbL-n6y1bATw73RnzLdiyis4ciS8riF4Q%3A1776072478193&amp;ei=Hrfcac-9C8ekkdUPrf6psAM&amp;ved=0ahUKEwjPxKHJweqTAxVHUqQEHS1_CjYQ4dUDCBI&amp;uact=5&amp;oq=vetement+2026&amp;gs_lp=Egtnd3Mtd2l6LWltZyINdmV0ZW1lbnQgMjAyNjIFEAAYgAQyBBAAGB4yBhAAGAUYHjIGEAAYBRgeMgYQABgFGB4yBhAAGAUYHjIGEAAYBRgeMgYQABgFGB4yBhAAGAUYHjIGEAAYBRgeSOgfUIQFWMEccAF4AJABAJgBrQGgAfYLqgEEMTEuNbgBA8gBAPgBAZgCDaACygjCAgYQABgIGB7CAgcQIxjJAhgnwgIIEAAYgAQYsQPCAgQQABgDwgIOEAAYgAQYigUYsQMYgwGYAwCIBgGSBwQxMi4xoAeGXLIHBDExLjG4B7gIwgcGMi0xMS4yyAdkgAgB&amp;sclient=gws-wiz-img\">quotidien.<\/a><\/p>\n\n\n\n<p>Nous croyons en une mode accessible \u00e0 tous, sans compromis sur l\u2019esth\u00e9tique. Novel s\u2019adresse \u00e0 toutes les personnes qui souhaitent affirmer leur style avec simplicit\u00e9 et authenticit\u00e9.<\/p>\n","protected":false},"excerpt":{"rendered":"<p>Novel est une marque de v\u00eatements pour homme et femme n\u00e9e d\u2019une passion pour la mode et le style. Notre objectif est de proposer des v\u00eatements qui allient qualit\u00e9, confort et design moderne. Chaque pi\u00e8ce est pens\u00e9e pour s\u2019int\u00e9grer facilement dans votre quotidien. Nous croyons en une mode accessible \u00e0 tous, sans compromis sur l\u2019esth\u00e9tique. &hellip; <\/p>\n<p class=\"link-more\"><a href=\"https:\/\/novel.my-secu.link\/index.php\/a-propos\/\" class=\"more-link\">Lire la suite de<span class=\"screen-reader-text\">\u00ab\u00a0\u00c0 propos\u00a0\u00bb<\/span><\/a><\/p>\n","protected":false},"author":1,"featured_media":0,"parent":0,"menu_order":0,"comment_status":"closed","ping_status":"closed","template":"","meta":{"inspiro_hide_title":false,"footnotes":""},"class_list":["post-16","page","type-page","status-publish","hentry"],"yoast_head":"<!-- This site is optimized with the Yoast SEO plugin v27.3 - https:\/\/yoast.com\/product\/yoast-seo-wordpress\/ -->\n<title>\u00c0 propos -<\/title>\n<meta name=\"description\" content=\"D\u00e9couvrez l\u2019univers de Novel \u00e0 travers son histoire, sa vision et ses valeurs. Une marque de mode moderne qui allie style au quotidien.\" \/>\n<meta name=\"robots\" content=\"index, follow, max-snippet:-1, max-image-preview:large, max-video-preview:-1\" \/>\n<link rel=\"canonical\" href=\"https:\/\/novel.my-secu.link\/index.php\/a-propos\/\" \/>\n<meta property=\"og:locale\" content=\"fr_FR\" \/>\n<meta property=\"og:type\" content=\"article\" \/>\n<meta property=\"og:title\" content=\"\u00c0 propos -\" \/>\n<meta property=\"og:description\" content=\"D\u00e9couvrez l\u2019univers de Novel \u00e0 travers son histoire, sa vision et ses valeurs. Une marque de mode moderne qui allie style au quotidien.\" \/>\n<meta property=\"og:url\" content=\"https:\/\/novel.my-secu.link\/index.php\/a-propos\/\" \/>\n<meta property=\"article:modified_time\" content=\"2026-04-13T09:44:32+00:00\" \/>\n<meta property=\"og:image\" content=\"https:\/\/novel.my-secu.link\/wp-content\/uploads\/2026\/04\/746f69882248316e08f39a381a3614ec-1.jpg\" \/>\n\t<meta property=\"og:image:width\" content=\"922\" \/>\n\t<meta property=\"og:image:height\" content=\"1382\" \/>\n\t<meta property=\"og:image:type\" content=\"image\/jpeg\" \/>\n<meta name=\"twitter:card\" content=\"summary_large_image\" \/>\n<meta name=\"twitter:label1\" content=\"Dur\u00e9e de lecture estim\u00e9e\" \/>\n\t<meta name=\"twitter:data1\" content=\"1 minute\" \/>\n<script type=\"application\/ld+json\" class=\"yoast-schema-graph\">{\"@context\":\"https:\\\/\\\/schema.org\",\"@graph\":[{\"@type\":\"WebPage\",\"@id\":\"https:\\\/\\\/novel.my-secu.link\\\/index.php\\\/a-propos\\\/\",\"url\":\"https:\\\/\\\/novel.my-secu.link\\\/index.php\\\/a-propos\\\/\",\"name\":\"\u00c0 propos -\",\"isPartOf\":{\"@id\":\"https:\\\/\\\/novel.my-secu.link\\\/#website\"},\"primaryImageOfPage\":{\"@id\":\"https:\\\/\\\/novel.my-secu.link\\\/index.php\\\/a-propos\\\/#primaryimage\"},\"image\":{\"@id\":\"https:\\\/\\\/novel.my-secu.link\\\/index.php\\\/a-propos\\\/#primaryimage\"},\"thumbnailUrl\":\"https:\\\/\\\/novel.my-secu.link\\\/wp-content\\\/uploads\\\/2026\\\/04\\\/746f69882248316e08f39a381a3614ec-1-683x1024.jpg\",\"datePublished\":\"2026-04-13T08:41:05+00:00\",\"dateModified\":\"2026-04-13T09:44:32+00:00\",\"description\":\"D\u00e9couvrez l\u2019univers de Novel \u00e0 travers son histoire, sa vision et ses valeurs. Une marque de mode moderne qui allie style au quotidien.\",\"breadcrumb\":{\"@id\":\"https:\\\/\\\/novel.my-secu.link\\\/index.php\\\/a-propos\\\/#breadcrumb\"},\"inLanguage\":\"fr-FR\",\"potentialAction\":[{\"@type\":\"ReadAction\",\"target\":[\"https:\\\/\\\/novel.my-secu.link\\\/index.php\\\/a-propos\\\/\"]}]},{\"@type\":\"ImageObject\",\"inLanguage\":\"fr-FR\",\"@id\":\"https:\\\/\\\/novel.my-secu.link\\\/index.php\\\/a-propos\\\/#primaryimage\",\"url\":\"https:\\\/\\\/novel.my-secu.link\\\/wp-content\\\/uploads\\\/2026\\\/04\\\/746f69882248316e08f39a381a3614ec-1.jpg\",\"contentUrl\":\"https:\\\/\\\/novel.my-secu.link\\\/wp-content\\\/uploads\\\/2026\\\/04\\\/746f69882248316e08f39a381a3614ec-1.jpg\",\"width\":922,\"height\":1382},{\"@type\":\"BreadcrumbList\",\"@id\":\"https:\\\/\\\/novel.my-secu.link\\\/index.php\\\/a-propos\\\/#breadcrumb\",\"itemListElement\":[{\"@type\":\"ListItem\",\"position\":1,\"name\":\"Accueil\",\"item\":\"https:\\\/\\\/novel.my-secu.link\\\/\"},{\"@type\":\"ListItem\",\"position\":2,\"name\":\"\u00c0 propos\"}]},{\"@type\":\"WebSite\",\"@id\":\"https:\\\/\\\/novel.my-secu.link\\\/#website\",\"url\":\"https:\\\/\\\/novel.my-secu.link\\\/\",\"name\":\"\",\"description\":\"\",\"potentialAction\":[{\"@type\":\"SearchAction\",\"target\":{\"@type\":\"EntryPoint\",\"urlTemplate\":\"https:\\\/\\\/novel.my-secu.link\\\/?s={search_term_string}\"},\"query-input\":{\"@type\":\"PropertyValueSpecification\",\"valueRequired\":true,\"valueName\":\"search_term_string\"}}],\"inLanguage\":\"fr-FR\"}]}<\/script>\n<!-- \/ Yoast SEO plugin. -->","yoast_head_json":{"title":"\u00c0 propos -","description":"D\u00e9couvrez l\u2019univers de Novel \u00e0 travers son histoire, sa vision et ses valeurs. Une marque de mode moderne qui allie style au quotidien.","robots":{"index":"index","follow":"follow","max-snippet":"max-snippet:-1","max-image-preview":"max-image-preview:large","max-video-preview":"max-video-preview:-1"},"canonical":"https:\/\/novel.my-secu.link\/index.php\/a-propos\/","og_locale":"fr_FR","og_type":"article","og_title":"\u00c0 propos -","og_description":"D\u00e9couvrez l\u2019univers de Novel \u00e0 travers son histoire, sa vision et ses valeurs. Une marque de mode moderne qui allie style au quotidien.","og_url":"https:\/\/novel.my-secu.link\/index.php\/a-propos\/","article_modified_time":"2026-04-13T09:44:32+00:00","og_image":[{"width":922,"height":1382,"url":"https:\/\/novel.my-secu.link\/wp-content\/uploads\/2026\/04\/746f69882248316e08f39a381a3614ec-1.jpg","type":"image\/jpeg"}],"twitter_card":"summary_large_image","twitter_misc":{"Dur\u00e9e de lecture estim\u00e9e":"1 minute"},"schema":{"@context":"https:\/\/schema.org","@graph":[{"@type":"WebPage","@id":"https:\/\/novel.my-secu.link\/index.php\/a-propos\/","url":"https:\/\/novel.my-secu.link\/index.php\/a-propos\/","name":"\u00c0 propos -","isPartOf":{"@id":"https:\/\/novel.my-secu.link\/#website"},"primaryImageOfPage":{"@id":"https:\/\/novel.my-secu.link\/index.php\/a-propos\/#primaryimage"},"image":{"@id":"https:\/\/novel.my-secu.link\/index.php\/a-propos\/#primaryimage"},"thumbnailUrl":"https:\/\/novel.my-secu.link\/wp-content\/uploads\/2026\/04\/746f69882248316e08f39a381a3614ec-1-683x1024.jpg","datePublished":"2026-04-13T08:41:05+00:00","dateModified":"2026-04-13T09:44:32+00:00","description":"D\u00e9couvrez l\u2019univers de Novel \u00e0 travers son histoire, sa vision et ses valeurs. Une marque de mode moderne qui allie style au quotidien.","breadcrumb":{"@id":"https:\/\/novel.my-secu.link\/index.php\/a-propos\/#breadcrumb"},"inLanguage":"fr-FR","potentialAction":[{"@type":"ReadAction","target":["https:\/\/novel.my-secu.link\/index.php\/a-propos\/"]}]},{"@type":"ImageObject","inLanguage":"fr-FR","@id":"https:\/\/novel.my-secu.link\/index.php\/a-propos\/#primaryimage","url":"https:\/\/novel.my-secu.link\/wp-content\/uploads\/2026\/04\/746f69882248316e08f39a381a3614ec-1.jpg","contentUrl":"https:\/\/novel.my-secu.link\/wp-content\/uploads\/2026\/04\/746f69882248316e08f39a381a3614ec-1.jpg","width":922,"height":1382},{"@type":"BreadcrumbList","@id":"https:\/\/novel.my-secu.link\/index.php\/a-propos\/#breadcrumb","itemListElement":[{"@type":"ListItem","position":1,"name":"Accueil","item":"https:\/\/novel.my-secu.link\/"},{"@type":"ListItem","position":2,"name":"\u00c0 propos"}]},{"@type":"WebSite","@id":"https:\/\/novel.my-secu.link\/#website","url":"https:\/\/novel.my-secu.link\/","name":"","description":"","potentialAction":[{"@type":"SearchAction","target":{"@type":"EntryPoint","urlTemplate":"https:\/\/novel.my-secu.link\/?s={search_term_string}"},"query-input":{"@type":"PropertyValueSpecification","valueRequired":true,"valueName":"search_term_string"}}],"inLanguage":"fr-FR"}]}},"_links":{"self":[{"href":"https:\/\/novel.my-secu.link\/index.php\/wp-json\/wp\/v2\/pages\/16","targetHints":{"allow":["GET"]}}],"collection":[{"href":"https:\/\/novel.my-secu.link\/index.php\/wp-json\/wp\/v2\/pages"}],"about":[{"href":"https:\/\/novel.my-secu.link\/index.php\/wp-json\/wp\/v2\/types\/page"}],"author":[{"embeddable":true,"href":"https:\/\/novel.my-secu.link\/index.php\/wp-json\/wp\/v2\/users\/1"}],"replies":[{"embeddable":true,"href":"https:\/\/novel.my-secu.link\/index.php\/wp-json\/wp\/v2\/comments?post=16"}],"version-history":[{"count":5,"href":"https:\/\/novel.my-secu.link\/index.php\/wp-json\/wp\/v2\/pages\/16\/revisions"}],"predecessor-version":[{"id":103,"href":"https:\/\/novel.my-secu.link\/index.php\/wp-json\/wp\/v2\/pages\/16\/revisions\/103"}],"wp:attachment":[{"href":"https:\/\/novel.my-secu.link\/index.php\/wp-json\/wp\/v2\/media?parent=16"}],"curies":[{"name":"wp","href":"https:\/\/api.w.org\/{rel}","templated":true}]}}